{"id":30909,"date":"2019-01-21T14:00:14","date_gmt":"2019-01-21T13:00:14","guid":{"rendered":"http:\/\/embassyexperts.com\/projects\/landkreis-neustadt-an-der-waldnaab\/"},"modified":"2021-11-26T12:13:06","modified_gmt":"2021-11-26T11:13:06","slug":"landkreis-neustadt-an-der-waldnaab","status":"publish","type":"page","link":"https:\/\/embassyexperts.com\/en\/projects\/landkreis-neustadt-an-der-waldnaab\/","title":{"rendered":"Landkreis Neustadt an der Waldnaab"},"content":{"rendered":"<p>[et_pb_section fb_built=&#8221;1&#8243; _builder_version=&#8221;3.22.3&#8243; global_colors_info=&#8221;{}&#8221;][et_pb_row _builder_version=&#8221;3.25&#8243; global_colors_info=&#8221;{}&#8221;][et_pb_column type=&#8221;4_4&#8243; _builder_version=&#8221;3.25&#8243; custom_padding=&#8221;||40px|&#8221; global_colors_info=&#8221;{}&#8221; custom_padding__hover=&#8221;|||&#8221;][et_pb_image src=&#8221;https:\/\/embassyexperts.com\/wp-content\/uploads\/190124_NST_LogoAnimation_21.gif&#8221; align_tablet=&#8221;center&#8221; align_phone=&#8221;&#8221; align_last_edited=&#8221;on|desktop&#8221; admin_label=&#8221;Bild Header NEW&#8221; _builder_version=&#8221;3.23.3&#8243; animation_style=&#8221;fade&#8221; animation_duration=&#8221;500ms&#8221; z_index_tablet=&#8221;500&#8243; box_shadow_horizontal_tablet=&#8221;0px&#8221; box_shadow_vertical_tablet=&#8221;0px&#8221; box_shadow_blur_tablet=&#8221;40px&#8221; box_shadow_spread_tablet=&#8221;0px&#8221; global_colors_info=&#8221;{}&#8221;][\/et_pb_image][\/et_pb_column][\/et_pb_row][et_pb_row _builder_version=&#8221;3.25&#8243; global_colors_info=&#8221;{}&#8221;][et_pb_column type=&#8221;4_4&#8243; _builder_version=&#8221;3.25&#8243; custom_padding=&#8221;||20px|&#8221; global_colors_info=&#8221;{}&#8221; custom_padding__hover=&#8221;|||&#8221;][et_pb_text admin_label=&#8221;Landkreis Neustadt an der Waldnaab&#8221; _builder_version=&#8221;4.12.1&#8243; global_colors_info=&#8221;{}&#8221;]<\/p>\n<h1>Launch of the new brand for the district of Neustadt an der Waldnaab &#8211; EMBASSY created the new brand \u00bbNEW\u00ab, a brand strategy and the brand design for the Bavarian district..<\/h1>\n<p>[\/et_pb_text][\/et_pb_column][\/et_pb_row][et_pb_row column_structure=&#8221;1_2,1_2&#8243; _builder_version=&#8221;3.25&#8243; global_colors_info=&#8221;{}&#8221;][et_pb_column type=&#8221;1_2&#8243; _builder_version=&#8221;3.25&#8243; custom_padding=&#8221;||40px|&#8221; global_colors_info=&#8221;{}&#8221; custom_padding__hover=&#8221;|||&#8221;][et_pb_text _builder_version=&#8221;4.12.1&#8243; global_colors_info=&#8221;{}&#8221;]<\/p>\n<p>________<\/p>\n<p class=\"p1\"><span class=\"s1\">The district of Neustadt an der Waldnaab is &#8220;NEW&#8221;! The branding process with EMBASSY was officially presented to the public on 20 January 2019 and is now  implementated.<br \/>\nBut why does a district need a brand at all? The district is in competition &#8211; with neighbouring rural regions and large cities for population, skilled workers, tourists, companies, investments and much more. The brand can provide an advantage in this competition by creating a clear image of the region and telling what the district represents. But what should locals or outsiders associate with the district of Neustadt an der Waldnaab?<br \/>\nTogether with EMBASSY, workshops involving participants from various sectors of society were held to identify what the district has to offer and what makes it special, the needs of the target groups, as well as its strengths and weaknesses. One of the results was the realisation that the numerous good arguments in favour of the district are primarily countered by outdated ideas about rural life. First and foremost: the supposed great divide between the big city and rural life. For today&#8217;s population, old boundaries, restrictions or deprivations no longer exist &#8211; they have internet, infrastructure, involvement. In the district of Neustadt an der Waldnaab, people live an unrestricted life in the country &#8211; a &#8220;country life unlimited&#8221;. Rationally speaking, you have more space, time and money to live and you can live the way you really want to. <\/span><\/p>\n<p>&nbsp;<\/p>\n<p>[\/et_pb_text][\/et_pb_column][et_pb_column type=&#8221;1_2&#8243; _builder_version=&#8221;3.25&#8243; custom_padding=&#8221;||40px|&#8221; global_colors_info=&#8221;{}&#8221; custom_padding__hover=&#8221;|||&#8221;][et_pb_text _builder_version=&#8221;4.12.1&#8243; hover_enabled=&#8221;0&#8243; global_colors_info=&#8221;{}&#8221; sticky_enabled=&#8221;0&#8243;]<\/p>\n<p>&nbsp;<\/p>\n<p class=\"p1\"><span class=\"s1\">Therefore, the old preconceptions in the big cities are now being challenged. The communication is focussed on a clear message: Rethinking and reinterpreting rural life. In the pursuit of a marker for this new self-image, a well-known symbol for the district of Neustadt an der Waldnaab was rediscovered: &#8220;NEW&#8221;, derived from car registration plates. &#8220;NEW&#8221; breaks away from the usual coats of arms and green logos of rural regions and emphasises modern rural life and structural strength. &#8220;NEW&#8221; generates attention, makes attractiveness visible and expresses the identity of the district. As a rural region, Neustadt an der Waldnaab presents itself confidently in comparison to the urban centres, challenges the outdated ideas and highlights the opportunities, advantages and potentials. In this way, the district is repositioning itself &#8211; &#8220;NEW&#8221; &#8211; on the Bavarian map.<br \/>\nWith the slogan &#8220;Think NEW&#8221;, stereotypes about rural life will be challenged for the first time after an initial announcement phase and the launch event on 20 January 2019. (more under <a href=\"http:\/\/www.new-perspektiven.de\" target=\"_blank\" rel=\"noopener noreferrer\">www.new-perspektiven.de<\/a>) But that is only the beginning. Already, activities are shaping the new rural life that &#8220;NEW&#8221; stands for. The aim is to constantly rethink &#8220;NEW&#8221; and fill it with life.<\/p>\n<p>Media echo\u00a0<a href=\"https:\/\/www.otv.de\/neustadt-an-der-waldnaab-wir-sind-new-360342\/?fbclid=IwAR0qyVbaQeJ9eVESTEUnLV_Ft8aMu4njnYY6hesKJZrqwjifosxL7Rt-XDM\" target=\"_blank\" rel=\"noopener noreferrer\">Oberpfalz TV<\/a><br \/>\nMedia echo <a href=\"https:\/\/www.onetz.de\/oberpfalz\/neustadt-waldnaab\/landkreis-lebensgefuehl-neustadt-wn-startet-freche-imagekampagne-id2611589.html\" target=\"_blank\" rel=\"noopener noreferrer\">Oberpfalz Medien <\/span><\/p>\n<p>&nbsp;<\/p>\n<p>[\/et_pb_text][\/et_pb_column][\/et_pb_row][et_pb_row column_structure=&#8221;1_2,1_2&#8243; use_custom_gutter=&#8221;on&#8221; gutter_width=&#8221;1&#8243; _builder_version=&#8221;3.25&#8243; global_colors_info=&#8221;{}&#8221;][et_pb_column type=&#8221;1_2&#8243; _builder_version=&#8221;3.25&#8243; custom_padding=&#8221;0px|3px|6px|0px&#8221; global_colors_info=&#8221;{}&#8221; custom_padding__hover=&#8221;|||&#8221;][et_pb_image src=&#8221;https:\/\/embassyexperts.com\/wp-content\/uploads\/Embassy_NEW_Launch_Kekse-1.jpg&#8221; align_tablet=&#8221;center&#8221; align_phone=&#8221;&#8221; align_last_edited=&#8221;on|desktop&#8221; admin_label=&#8221;Bild Kekse&#8221; _builder_version=&#8221;3.23&#8243; global_colors_info=&#8221;{}&#8221;][\/et_pb_image][\/et_pb_column][et_pb_column type=&#8221;1_2&#8243; _builder_version=&#8221;3.25&#8243; custom_padding=&#8221;0px|0px|6px|3px&#8221; global_colors_info=&#8221;{}&#8221; custom_padding__hover=&#8221;|||&#8221;][et_pb_image src=&#8221;https:\/\/embassyexperts.com\/wp-content\/uploads\/Embassy_NEW_Launch_Web_32.jpg&#8221; url=&#8221;https:\/\/new-perspektiven.de\/&#8221; url_new_window=&#8221;on&#8221; use_overlay=&#8221;on&#8221; hover_icon=&#8221;%%246%%&#8221; align_tablet=&#8221;center&#8221; align_phone=&#8221;&#8221; align_last_edited=&#8221;on|desktop&#8221; admin_label=&#8221;Bild\/Link Website new-perspektiven.de&#8221; _builder_version=&#8221;3.23&#8243; custom_margin=&#8221;0px|0px|0px|0px&#8221; custom_padding=&#8221;0px|0px|0px|0px&#8221; global_colors_info=&#8221;{}&#8221;][\/et_pb_image][\/et_pb_column][\/et_pb_row][et_pb_row column_structure=&#8221;1_2,1_2&#8243; use_custom_gutter=&#8221;on&#8221; gutter_width=&#8221;1&#8243; _builder_version=&#8221;3.25&#8243; global_colors_info=&#8221;{}&#8221;][et_pb_column type=&#8221;1_2&#8243; _builder_version=&#8221;3.25&#8243; custom_padding=&#8221;0px|3px|6px|0px&#8221; global_colors_info=&#8221;{}&#8221; custom_padding__hover=&#8221;|||&#8221;][et_pb_cta url_new_window=&#8221;on&#8221; admin_label=&#8221;Handlungsaufruf Video&#8221; _builder_version=&#8221;3.23.3&#8243; use_background_color=&#8221;off&#8221; custom_button=&#8221;on&#8221; link_option_url_new_window=&#8221;on&#8221; z_index_tablet=&#8221;500&#8243; header_text_shadow_horizontal_length_tablet=&#8221;0px&#8221; header_text_shadow_vertical_length_tablet=&#8221;0px&#8221; header_text_shadow_blur_strength_tablet=&#8221;1px&#8221; body_text_shadow_horizontal_length_tablet=&#8221;0px&#8221; body_text_shadow_vertical_length_tablet=&#8221;0px&#8221; body_text_shadow_blur_strength_tablet=&#8221;1px&#8221; body_link_text_shadow_horizontal_length_tablet=&#8221;0px&#8221; body_link_text_shadow_vertical_length_tablet=&#8221;0px&#8221; body_link_text_shadow_blur_strength_tablet=&#8221;1px&#8221; body_ul_text_shadow_horizontal_length_tablet=&#8221;0px&#8221; body_ul_text_shadow_vertical_length_tablet=&#8221;0px&#8221; body_ul_text_shadow_blur_strength_tablet=&#8221;1px&#8221; body_ol_text_shadow_horizontal_length_tablet=&#8221;0px&#8221; body_ol_text_shadow_vertical_length_tablet=&#8221;0px&#8221; body_ol_text_shadow_blur_strength_tablet=&#8221;1px&#8221; body_quote_text_shadow_horizontal_length_tablet=&#8221;0px&#8221; body_quote_text_shadow_vertical_length_tablet=&#8221;0px&#8221; body_quote_text_shadow_blur_strength_tablet=&#8221;1px&#8221; button_text_shadow_horizontal_length_tablet=&#8221;0px&#8221; button_text_shadow_vertical_length_tablet=&#8221;0px&#8221; button_text_shadow_blur_strength_tablet=&#8221;1px&#8221; box_shadow_horizontal_tablet=&#8221;0px&#8221; box_shadow_vertical_tablet=&#8221;0px&#8221; box_shadow_blur_tablet=&#8221;40px&#8221; box_shadow_spread_tablet=&#8221;0px&#8221; box_shadow_horizontal_button_tablet=&#8221;0px&#8221; box_shadow_vertical_button_tablet=&#8221;0px&#8221; box_shadow_blur_button_tablet=&#8221;40px&#8221; box_shadow_spread_button_tablet=&#8221;0px&#8221; text_shadow_horizontal_length_tablet=&#8221;0px&#8221; text_shadow_vertical_length_tablet=&#8221;0px&#8221; text_shadow_blur_strength_tablet=&#8221;1px&#8221; global_colors_info=&#8221;{}&#8221;]<\/p>\n<p><a href=\"https:\/\/www.otv.de\/neustadt-an-der-waldnaab-wir-sind-new-360342\/?fbclid=IwAR0qyVbaQeJ9eVESTEUnLV_Ft8aMu4njnYY6hesKJZrqwjifosxL7Rt-XDM\" target=\"_blank\" rel=\"noopener noreferrer\"><div class=\"cl-ib animation_hebe ratio_3x2 align_left with_title\" style=\"width:100%;background-color:rgba(0,96,106,0.6);color:#ffffff;\"><div class=\"cl-ib-h easing_ease\"><div class=\"cl-ib-image\" style=\"background-image: url(https:\/\/embassyexperts.com\/wp-content\/uploads\/Embassy_NEW_Pressevideo_Thumbnail_32-1024x683.jpg)\"><img loading=\"lazy\" decoding=\"async\" src=\"https:\/\/embassyexperts.com\/wp-content\/uploads\/Embassy_NEW_Pressevideo_Thumbnail_32-1024x683.jpg\" width=\"1024\" height=\"683\"  alt=\"Embassy_NEW_Pressevideo_Thumbnail_32\" \/><\/div><div class=\"cl-ib-content\" style=\"padding:20px;\"><div class=\"cl-ib-content-h\"><h4 class=\"cl-ib-title\" style=\"font-size:16px;\">Hier geht es zum Pressevideo des OTV<\/h4><\/div><\/div><\/div><\/div><\/a><\/p>\n<p>[\/et_pb_cta][\/et_pb_column][et_pb_column type=&#8221;1_2&#8243; _builder_version=&#8221;3.25&#8243; custom_padding=&#8221;0px|0px|6px|3px&#8221; global_colors_info=&#8221;{}&#8221; custom_padding__hover=&#8221;|||&#8221;][et_pb_text _builder_version=&#8221;3.27.4&#8243; text_font=&#8221;||on||||||&#8221; text_text_color=&#8221;#00606a&#8221; text_font_size=&#8221;24px&#8221; text_line_height=&#8221;1.6em&#8221; header_text_color=&#8221;#00606a&#8221; custom_margin=&#8221;64px||&#8221; custom_padding=&#8221;10px|10px|10px|10px&#8221; z_index_tablet=&#8221;500&#8243; text_text_shadow_horizontal_length_tablet=&#8221;0px&#8221; text_text_shadow_vertical_length_tablet=&#8221;0px&#8221; text_text_shadow_blur_strength_tablet=&#8221;1px&#8221; link_text_shadow_horizontal_length_tablet=&#8221;0px&#8221; link_text_shadow_vertical_length_tablet=&#8221;0px&#8221; link_text_shadow_blur_strength_tablet=&#8221;1px&#8221; ul_text_shadow_horizontal_length_tablet=&#8221;0px&#8221; ul_text_shadow_vertical_length_tablet=&#8221;0px&#8221; ul_text_shadow_blur_strength_tablet=&#8221;1px&#8221; ol_text_shadow_horizontal_length_tablet=&#8221;0px&#8221; ol_text_shadow_vertical_length_tablet=&#8221;0px&#8221; ol_text_shadow_blur_strength_tablet=&#8221;1px&#8221; quote_text_shadow_horizontal_length_tablet=&#8221;0px&#8221; quote_text_shadow_vertical_length_tablet=&#8221;0px&#8221; quote_text_shadow_blur_strength_tablet=&#8221;1px&#8221; header_text_shadow_horizontal_length_tablet=&#8221;0px&#8221; header_text_shadow_vertical_length_tablet=&#8221;0px&#8221; header_text_shadow_blur_strength_tablet=&#8221;1px&#8221; header_2_text_shadow_horizontal_length_tablet=&#8221;0px&#8221; header_2_text_shadow_vertical_length_tablet=&#8221;0px&#8221; header_2_text_shadow_blur_strength_tablet=&#8221;1px&#8221; header_3_text_shadow_horizontal_length_tablet=&#8221;0px&#8221; header_3_text_shadow_vertical_length_tablet=&#8221;0px&#8221; header_3_text_shadow_blur_strength_tablet=&#8221;1px&#8221; header_4_text_shadow_horizontal_length_tablet=&#8221;0px&#8221; header_4_text_shadow_vertical_length_tablet=&#8221;0px&#8221; header_4_text_shadow_blur_strength_tablet=&#8221;1px&#8221; header_5_text_shadow_horizontal_length_tablet=&#8221;0px&#8221; header_5_text_shadow_vertical_length_tablet=&#8221;0px&#8221; header_5_text_shadow_blur_strength_tablet=&#8221;1px&#8221; header_6_text_shadow_horizontal_length_tablet=&#8221;0px&#8221; header_6_text_shadow_vertical_length_tablet=&#8221;0px&#8221; header_6_text_shadow_blur_strength_tablet=&#8221;1px&#8221; box_shadow_horizontal_tablet=&#8221;0px&#8221; box_shadow_vertical_tablet=&#8221;0px&#8221; box_shadow_blur_tablet=&#8221;40px&#8221; box_shadow_spread_tablet=&#8221;0px&#8221; global_colors_info=&#8221;{}&#8221;]<\/p>\n<p style=\"text-align: left;\"><strong>\u00bbMan f\u00fchlt sich wohl bei uns, es ist sehr sch\u00f6n bei uns, man muss das nur auch oft genug nach au\u00dfen mitteilen (\u2026), und \u00fcber so eine Marke und so eine eindeutige Botschaft mit dem \u00bbNEW\u00ab ist das eindeutig super m\u00f6glich, und ich finde es eine tolle, gelungene Sache.\u00ab<\/strong><\/p>\n<p style=\"text-align: right;\"><strong>\u2013 Markus Ludwig, B\u00fcrgermeister St\u00f6rnstein<\/strong><\/p>\n<p>[\/et_pb_text][\/et_pb_column][\/et_pb_row][et_pb_row column_structure=&#8221;1_2,1_2&#8243; use_custom_gutter=&#8221;on&#8221; gutter_width=&#8221;1&#8243; _builder_version=&#8221;3.25&#8243; global_colors_info=&#8221;{}&#8221;][et_pb_column type=&#8221;1_2&#8243; _builder_version=&#8221;3.25&#8243; custom_padding=&#8221;0px|3px|6px|0px&#8221; global_colors_info=&#8221;{}&#8221; custom_padding__hover=&#8221;|||&#8221;][et_pb_image src=&#8221;https:\/\/embassyexperts.com\/wp-content\/uploads\/Embassy_NEW_Launch_Bierdeckel_32.jpg&#8221; align_tablet=&#8221;center&#8221; align_phone=&#8221;&#8221; align_last_edited=&#8221;on|desktop&#8221; admin_label=&#8221;Bild Bierdeckel&#8221; _builder_version=&#8221;3.23&#8243; global_colors_info=&#8221;{}&#8221;][\/et_pb_image][\/et_pb_column][et_pb_column type=&#8221;1_2&#8243; _builder_version=&#8221;3.25&#8243; custom_padding=&#8221;0px|0px|6px|3px&#8221; global_colors_info=&#8221;{}&#8221; custom_padding__hover=&#8221;|||&#8221;][et_pb_image src=&#8221;https:\/\/embassyexperts.com\/wp-content\/uploads\/Embassy_NEW_Launch_Plakate_32.jpg&#8221; align_tablet=&#8221;center&#8221; align_phone=&#8221;&#8221; align_last_edited=&#8221;on|desktop&#8221; admin_label=&#8221;Bild Aufbau 2&#8243; _builder_version=&#8221;3.23&#8243; global_colors_info=&#8221;{}&#8221;][\/et_pb_image][\/et_pb_column][\/et_pb_row][\/et_pb_section]<\/p>\n","protected":false},"excerpt":{"rendered":"<p>Launch of the new brand for the district of Neustadt an der Waldnaab &#8211; EMBASSY created the new brand \u00bbNEW\u00ab, a brand strategy and the brand design for the Bavarian district..________ The district of Neustadt an der Waldnaab is &#8220;NEW&#8221;! The branding process with EMBASSY was officially presented to the public on 20 January 2019 [&hellip;]<\/p>\n","protected":false},"author":6,"featured_media":0,"parent":28921,"menu_order":0,"comment_status":"closed","ping_status":"closed","template":"projekte-pagination.php","meta":{"_et_pb_use_builder":"on","_et_pb_old_content":"","_et_gb_content_width":"","footnotes":""},"class_list":["post-30909","page","type-page","status-publish","hentry"],"yoast_head":"<!-- This site is optimized with the Yoast SEO plugin v27.3 - https:\/\/yoast.com\/product\/yoast-seo-wordpress\/ -->\n<title>Landkreis Neustadt an der Waldnaab - We are EMBASSY, the ambassadors of brands<\/title>\n<meta name=\"robots\" content=\"index, follow, max-snippet:-1, max-image-preview:large, max-video-preview:-1\" \/>\n<link rel=\"canonical\" href=\"https:\/\/embassyexperts.com\/en\/projects\/landkreis-neustadt-an-der-waldnaab\/\" \/>\n<meta property=\"og:locale\" content=\"en_US\" \/>\n<meta property=\"og:type\" content=\"article\" \/>\n<meta property=\"og:title\" content=\"Landkreis Neustadt an der Waldnaab - We are EMBASSY, the ambassadors of brands\" \/>\n<meta property=\"og:description\" content=\"Launch of the new brand for the district of Neustadt an der Waldnaab - EMBASSY created the new brand \u00bbNEW\u00ab, a brand strategy and the brand design for the Bavarian district..________ The district of Neustadt an der Waldnaab is &quot;NEW&quot;! The branding process with EMBASSY was officially presented to the public on 20 January 2019 [&hellip;]\" \/>\n<meta property=\"og:url\" content=\"https:\/\/embassyexperts.com\/en\/projects\/landkreis-neustadt-an-der-waldnaab\/\" \/>\n<meta property=\"og:site_name\" content=\"We are EMBASSY, the ambassadors of brands\" \/>\n<meta property=\"article:modified_time\" content=\"2021-11-26T11:13:06+00:00\" \/>\n<meta name=\"twitter:card\" content=\"summary_large_image\" \/>\n<meta name=\"twitter:label1\" content=\"Est. reading time\" \/>\n\t<meta name=\"twitter:data1\" content=\"8 minutes\" \/>\n<script type=\"application\/ld+json\" class=\"yoast-schema-graph\">{\"@context\":\"https:\\\/\\\/schema.org\",\"@graph\":[{\"@type\":\"WebPage\",\"@id\":\"https:\\\/\\\/embassyexperts.com\\\/en\\\/projects\\\/landkreis-neustadt-an-der-waldnaab\\\/\",\"url\":\"https:\\\/\\\/embassyexperts.com\\\/en\\\/projects\\\/landkreis-neustadt-an-der-waldnaab\\\/\",\"name\":\"Landkreis Neustadt an der Waldnaab - We are EMBASSY, the ambassadors of brands\",\"isPartOf\":{\"@id\":\"https:\\\/\\\/embassyexperts.com\\\/en\\\/#website\"},\"datePublished\":\"2019-01-21T13:00:14+00:00\",\"dateModified\":\"2021-11-26T11:13:06+00:00\",\"breadcrumb\":{\"@id\":\"https:\\\/\\\/embassyexperts.com\\\/en\\\/projects\\\/landkreis-neustadt-an-der-waldnaab\\\/#breadcrumb\"},\"inLanguage\":\"en-US\",\"potentialAction\":[{\"@type\":\"ReadAction\",\"target\":[\"https:\\\/\\\/embassyexperts.com\\\/en\\\/projects\\\/landkreis-neustadt-an-der-waldnaab\\\/\"]}]},{\"@type\":\"BreadcrumbList\",\"@id\":\"https:\\\/\\\/embassyexperts.com\\\/en\\\/projects\\\/landkreis-neustadt-an-der-waldnaab\\\/#breadcrumb\",\"itemListElement\":[{\"@type\":\"ListItem\",\"position\":1,\"name\":\"Startseite\",\"item\":\"https:\\\/\\\/embassyexperts.com\\\/en\\\/\"},{\"@type\":\"ListItem\",\"position\":2,\"name\":\"Projects\",\"item\":\"https:\\\/\\\/embassyexperts.com\\\/en\\\/projects\\\/\"},{\"@type\":\"ListItem\",\"position\":3,\"name\":\"Landkreis Neustadt an der Waldnaab\"}]},{\"@type\":\"WebSite\",\"@id\":\"https:\\\/\\\/embassyexperts.com\\\/en\\\/#website\",\"url\":\"https:\\\/\\\/embassyexperts.com\\\/en\\\/\",\"name\":\"We are EMBASSY, the ambassadors of brands\",\"description\":\"\",\"publisher\":{\"@id\":\"https:\\\/\\\/embassyexperts.com\\\/en\\\/#organization\"},\"potentialAction\":[{\"@type\":\"SearchAction\",\"target\":{\"@type\":\"EntryPoint\",\"urlTemplate\":\"https:\\\/\\\/embassyexperts.com\\\/en\\\/?s={search_term_string}\"},\"query-input\":{\"@type\":\"PropertyValueSpecification\",\"valueRequired\":true,\"valueName\":\"search_term_string\"}}],\"inLanguage\":\"en-US\"},{\"@type\":\"Organization\",\"@id\":\"https:\\\/\\\/embassyexperts.com\\\/en\\\/#organization\",\"name\":\"EMBASSY Androschin, Asemann Partnerschaft Beratende Designer\",\"url\":\"https:\\\/\\\/embassyexperts.com\\\/en\\\/\",\"logo\":{\"@type\":\"ImageObject\",\"inLanguage\":\"en-US\",\"@id\":\"https:\\\/\\\/embassyexperts.com\\\/en\\\/#\\\/schema\\\/logo\\\/image\\\/\",\"url\":\"https:\\\/\\\/embassyexperts.com\\\/wp-content\\\/uploads\\\/embassy-experts-logo-1.png\",\"contentUrl\":\"https:\\\/\\\/embassyexperts.com\\\/wp-content\\\/uploads\\\/embassy-experts-logo-1.png\",\"width\":140,\"height\":140,\"caption\":\"EMBASSY Androschin, Asemann Partnerschaft Beratende Designer\"},\"image\":{\"@id\":\"https:\\\/\\\/embassyexperts.com\\\/en\\\/#\\\/schema\\\/logo\\\/image\\\/\"}}]}<\/script>\n<!-- \/ Yoast SEO plugin. -->","yoast_head_json":{"title":"Landkreis Neustadt an der Waldnaab - We are EMBASSY, the ambassadors of brands","robots":{"index":"index","follow":"follow","max-snippet":"max-snippet:-1","max-image-preview":"max-image-preview:large","max-video-preview":"max-video-preview:-1"},"canonical":"https:\/\/embassyexperts.com\/en\/projects\/landkreis-neustadt-an-der-waldnaab\/","og_locale":"en_US","og_type":"article","og_title":"Landkreis Neustadt an der Waldnaab - We are EMBASSY, the ambassadors of brands","og_description":"Launch of the new brand for the district of Neustadt an der Waldnaab - EMBASSY created the new brand \u00bbNEW\u00ab, a brand strategy and the brand design for the Bavarian district..________ The district of Neustadt an der Waldnaab is \"NEW\"! The branding process with EMBASSY was officially presented to the public on 20 January 2019 [&hellip;]","og_url":"https:\/\/embassyexperts.com\/en\/projects\/landkreis-neustadt-an-der-waldnaab\/","og_site_name":"We are EMBASSY, the ambassadors of brands","article_modified_time":"2021-11-26T11:13:06+00:00","twitter_card":"summary_large_image","twitter_misc":{"Est. reading time":"8 minutes"},"schema":{"@context":"https:\/\/schema.org","@graph":[{"@type":"WebPage","@id":"https:\/\/embassyexperts.com\/en\/projects\/landkreis-neustadt-an-der-waldnaab\/","url":"https:\/\/embassyexperts.com\/en\/projects\/landkreis-neustadt-an-der-waldnaab\/","name":"Landkreis Neustadt an der Waldnaab - We are EMBASSY, the ambassadors of brands","isPartOf":{"@id":"https:\/\/embassyexperts.com\/en\/#website"},"datePublished":"2019-01-21T13:00:14+00:00","dateModified":"2021-11-26T11:13:06+00:00","breadcrumb":{"@id":"https:\/\/embassyexperts.com\/en\/projects\/landkreis-neustadt-an-der-waldnaab\/#breadcrumb"},"inLanguage":"en-US","potentialAction":[{"@type":"ReadAction","target":["https:\/\/embassyexperts.com\/en\/projects\/landkreis-neustadt-an-der-waldnaab\/"]}]},{"@type":"BreadcrumbList","@id":"https:\/\/embassyexperts.com\/en\/projects\/landkreis-neustadt-an-der-waldnaab\/#breadcrumb","itemListElement":[{"@type":"ListItem","position":1,"name":"Startseite","item":"https:\/\/embassyexperts.com\/en\/"},{"@type":"ListItem","position":2,"name":"Projects","item":"https:\/\/embassyexperts.com\/en\/projects\/"},{"@type":"ListItem","position":3,"name":"Landkreis Neustadt an der Waldnaab"}]},{"@type":"WebSite","@id":"https:\/\/embassyexperts.com\/en\/#website","url":"https:\/\/embassyexperts.com\/en\/","name":"We are EMBASSY, the ambassadors of brands","description":"","publisher":{"@id":"https:\/\/embassyexperts.com\/en\/#organization"},"potentialAction":[{"@type":"SearchAction","target":{"@type":"EntryPoint","urlTemplate":"https:\/\/embassyexperts.com\/en\/?s={search_term_string}"},"query-input":{"@type":"PropertyValueSpecification","valueRequired":true,"valueName":"search_term_string"}}],"inLanguage":"en-US"},{"@type":"Organization","@id":"https:\/\/embassyexperts.com\/en\/#organization","name":"EMBASSY Androschin, Asemann Partnerschaft Beratende Designer","url":"https:\/\/embassyexperts.com\/en\/","logo":{"@type":"ImageObject","inLanguage":"en-US","@id":"https:\/\/embassyexperts.com\/en\/#\/schema\/logo\/image\/","url":"https:\/\/embassyexperts.com\/wp-content\/uploads\/embassy-experts-logo-1.png","contentUrl":"https:\/\/embassyexperts.com\/wp-content\/uploads\/embassy-experts-logo-1.png","width":140,"height":140,"caption":"EMBASSY Androschin, Asemann Partnerschaft Beratende Designer"},"image":{"@id":"https:\/\/embassyexperts.com\/en\/#\/schema\/logo\/image\/"}}]}},"_links":{"self":[{"href":"https:\/\/embassyexperts.com\/en\/wp-json\/wp\/v2\/pages\/30909","targetHints":{"allow":["GET"]}}],"collection":[{"href":"https:\/\/embassyexperts.com\/en\/wp-json\/wp\/v2\/pages"}],"about":[{"href":"https:\/\/embassyexperts.com\/en\/wp-json\/wp\/v2\/types\/page"}],"author":[{"embeddable":true,"href":"https:\/\/embassyexperts.com\/en\/wp-json\/wp\/v2\/users\/6"}],"replies":[{"embeddable":true,"href":"https:\/\/embassyexperts.com\/en\/wp-json\/wp\/v2\/comments?post=30909"}],"version-history":[{"count":14,"href":"https:\/\/embassyexperts.com\/en\/wp-json\/wp\/v2\/pages\/30909\/revisions"}],"predecessor-version":[{"id":32449,"href":"https:\/\/embassyexperts.com\/en\/wp-json\/wp\/v2\/pages\/30909\/revisions\/32449"}],"up":[{"embeddable":true,"href":"https:\/\/embassyexperts.com\/en\/wp-json\/wp\/v2\/pages\/28921"}],"wp:attachment":[{"href":"https:\/\/embassyexperts.com\/en\/wp-json\/wp\/v2\/media?parent=30909"}],"curies":[{"name":"wp","href":"https:\/\/api.w.org\/{rel}","templated":true}]}}