{"id":28985,"date":"2017-09-21T15:29:55","date_gmt":"2017-09-21T13:29:55","guid":{"rendered":"http:\/\/embassyexperts.com\/projects\/software-ag\/"},"modified":"2019-08-14T15:33:43","modified_gmt":"2019-08-14T13:33:43","slug":"software-ag","status":"publish","type":"page","link":"https:\/\/embassyexperts.com\/en\/software-ag\/","title":{"rendered":"Software AG"},"content":{"rendered":"<p>[et_pb_section bb_built=&#8221;1&#8243; admin_label=&#8221;Section&#8221; fullwidth=&#8221;off&#8221; specialty=&#8221;off&#8221; parallax_method=&#8221;off&#8221; padding_mobile=&#8221;off&#8221; _builder_version=&#8221;3.0.71&#8243; custom_padding_tablet=&#8221;50px|0|50px|0&#8243; custom_padding_last_edited=&#8221;on|desktop&#8221; inner_width=&#8221;90%&#8221; inner_max_width=&#8221;1200px&#8221;][et_pb_row admin_label=&#8221;Row&#8221; make_fullwidth=&#8221;off&#8221; use_custom_width=&#8221;off&#8221; width_unit=&#8221;on&#8221; use_custom_gutter=&#8221;off&#8221; custom_padding=&#8221;68px|||&#8221; padding_mobile=&#8221;on&#8221; allow_player_pause=&#8221;off&#8221; parallax=&#8221;off&#8221; parallax_method=&#8221;off&#8221; make_equal=&#8221;off&#8221; parallax_1=&#8221;off&#8221; parallax_method_1=&#8221;off&#8221; column_padding_mobile=&#8221;on&#8221; background_position=&#8221;top_left&#8221; background_repeat=&#8221;repeat&#8221; background_size=&#8221;initial&#8221; width=&#8221;90%&#8221; max_width=&#8221;1200px&#8221;][et_pb_column type=&#8221;4_4&#8243;][et_pb_image admin_label=&#8221;Bild Messestand&#8221; _builder_version=&#8221;3.0.71&#8243; show_in_lightbox=&#8221;off&#8221; url_new_window=&#8221;off&#8221; use_overlay=&#8221;off&#8221; sticky=&#8221;off&#8221; align=&#8221;left&#8221; always_center_on_mobile=&#8221;on&#8221; border_style=&#8221;solid&#8221; force_fullwidth=&#8221;off&#8221; src=&#8221;http:\/\/embassyexperts.com\/wp-content\/uploads\/Embassy_SoftwareAG_Stand_Foto_21-1.jpg&#8221; animation=&#8221;off&#8221; animation_style=&#8221;none&#8221; animation_duration=&#8221;1000ms&#8221; animation_intensity_slide=&#8221;50%&#8221; show_bottom_space=&#8221;on&#8221; align_last_edited=&#8221;on|desktop&#8221; align_tablet=&#8221;center&#8221; \/][et_pb_text admin_label=&#8221;Software AG Subheadertext&#8221; background_layout=&#8221;light&#8221; text_orientation=&#8221;left&#8221; border_style=&#8221;solid&#8221; text_font_size=&#8221;24&#8243; text_line_height=&#8221;1.4em&#8221; _builder_version=&#8221;3.0.71&#8243;]<\/p>\n<h1>SOFTWARE AG launches \u00bbBillion Euro Brand\u00ab<\/h1>\n<p>[\/et_pb_text][\/et_pb_column][\/et_pb_row][et_pb_row _builder_version=&#8221;3.0.71&#8243; background_repeat_1=&#8221;no-repeat&#8221; background_repeat_2=&#8221;no-repeat&#8221; padding_bottom_1=&#8221;40px&#8221; padding_bottom_2=&#8221;40px&#8221; width=&#8221;90%&#8221; max_width=&#8221;1200px&#8221;][et_pb_column type=&#8221;1_2&#8243;][et_pb_text _builder_version=&#8221;3.0.71&#8243; background_layout=&#8221;light&#8221; text_orientation=&#8221;left&#8221; border_style=&#8221;solid&#8221;]<\/p>\n<div class=\"top\">\n<h2>Brand Relaunch<\/h2>\n<\/div>\n<div class=\"left width_04\">\n<p>As the lead agency, EMBASSY developed the brand strategy, brand architecture and corporate identity for the Software AG relaunch. It implemented an internal campaign with intranet-based push communications and was responsible for a broad-based implementation of the design, including roll out in more than 70 countries and design and communication for the company\u2019s presence at CeBit 2007.<\/p>\n<\/div>\n<p>[\/et_pb_text][\/et_pb_column][et_pb_column type=&#8221;1_2&#8243;][et_pb_text _builder_version=&#8221;3.0.71&#8243; background_layout=&#8221;light&#8221; text_orientation=&#8221;left&#8221; border_style=&#8221;solid&#8221;]<\/p>\n<div class=\"top\">\n<h2>GOLD\u00a02008 Corporate Design Award<\/h2>\n<\/div>\n<div class=\"left width_04\">\n<p>EMBASSY wins\u00a0gold in the business to business category for the Software AG brand relaunch.<\/p>\n<\/div>\n<p>[\/et_pb_text][\/et_pb_column][\/et_pb_row][et_pb_row _builder_version=&#8221;3.0.71&#8243; background_repeat_1=&#8221;no-repeat&#8221; background_repeat_2=&#8221;no-repeat&#8221; padding_top_1=&#8221;0px&#8221; padding_right_1=&#8221;3px&#8221; padding_bottom_1=&#8221;6px&#8221; padding_left_1=&#8221;0px&#8221; padding_top_2=&#8221;0px&#8221; padding_right_2=&#8221;0px&#8221; padding_bottom_2=&#8221;6px&#8221; padding_left_2=&#8221;3px&#8221; use_custom_gutter=&#8221;on&#8221; gutter_width=&#8221;1&#8243; width=&#8221;90%&#8221; max_width=&#8221;1200px&#8221;][et_pb_column type=&#8221;1_2&#8243;][et_pb_image admin_label=&#8221;Bild Innen&#8221; _builder_version=&#8221;3.23.3&#8243; src=&#8221;http:\/\/embassyexperts.com\/wp-content\/uploads\/Embassy_SoftwareAG_Raum_Innen_32.jpg&#8221; align_last_edited=&#8221;on|desktop&#8221; align_tablet=&#8221;center&#8221; box_shadow_horizontal_tablet=&#8221;0px&#8221; box_shadow_vertical_tablet=&#8221;0px&#8221; box_shadow_blur_tablet=&#8221;40px&#8221; box_shadow_spread_tablet=&#8221;0px&#8221; z_index_tablet=&#8221;500&#8243; \/][\/et_pb_column][et_pb_column type=&#8221;1_2&#8243;][et_pb_image admin_label=&#8221;Bild Visitenkarten&#8221; _builder_version=&#8221;3.23.3&#8243; src=&#8221;http:\/\/embassyexperts.com\/wp-content\/uploads\/Embassy_SoftwareAG_Vistenkarte_Produktfoto_32.jpg&#8221; align_last_edited=&#8221;on|desktop&#8221; align_tablet=&#8221;center&#8221; box_shadow_horizontal_tablet=&#8221;0px&#8221; box_shadow_vertical_tablet=&#8221;0px&#8221; box_shadow_blur_tablet=&#8221;40px&#8221; box_shadow_spread_tablet=&#8221;0px&#8221; z_index_tablet=&#8221;500&#8243; \/][\/et_pb_column][\/et_pb_row][et_pb_row _builder_version=&#8221;3.0.71&#8243; background_repeat_1=&#8221;no-repeat&#8221; background_repeat_2=&#8221;no-repeat&#8221; padding_top_1=&#8221;0px&#8221; padding_right_1=&#8221;3px&#8221; padding_bottom_1=&#8221;6px&#8221; padding_left_1=&#8221;0px&#8221; padding_top_2=&#8221;0px&#8221; padding_right_2=&#8221;0px&#8221; padding_bottom_2=&#8221;6px&#8221; padding_left_2=&#8221;3px&#8221; use_custom_gutter=&#8221;on&#8221; gutter_width=&#8221;1&#8243; width=&#8221;90%&#8221; max_width=&#8221;1200px&#8221;][et_pb_column type=&#8221;1_2&#8243;][et_pb_image admin_label=&#8221;Bild CD&#8221; _builder_version=&#8221;3.23.3&#8243; src=&#8221;http:\/\/embassyexperts.com\/wp-content\/uploads\/Embassy_SoftwareAG_CD_Produktfoto_32.jpg&#8221; align_last_edited=&#8221;on|desktop&#8221; align_tablet=&#8221;center&#8221; box_shadow_horizontal_tablet=&#8221;0px&#8221; box_shadow_vertical_tablet=&#8221;0px&#8221; box_shadow_blur_tablet=&#8221;40px&#8221; box_shadow_spread_tablet=&#8221;0px&#8221; z_index_tablet=&#8221;500&#8243; \/][\/et_pb_column][et_pb_column type=&#8221;1_2&#8243;][et_pb_image admin_label=&#8221;Bild Stand Dunkel&#8221; _builder_version=&#8221;3.23.3&#8243; src=&#8221;http:\/\/embassyexperts.com\/wp-content\/uploads\/Embassy_SoftwareAG_Stand_Dunkel_32.jpg&#8221; align_last_edited=&#8221;on|desktop&#8221; align_tablet=&#8221;center&#8221; box_shadow_horizontal_tablet=&#8221;0px&#8221; box_shadow_vertical_tablet=&#8221;0px&#8221; box_shadow_blur_tablet=&#8221;40px&#8221; box_shadow_spread_tablet=&#8221;0px&#8221; z_index_tablet=&#8221;500&#8243; \/][\/et_pb_column][\/et_pb_row][\/et_pb_section]<\/p>\n","protected":false},"excerpt":{"rendered":"<p>SOFTWARE AG launches \u00bbBillion Euro Brand\u00ab Brand Relaunch As the lead agency, EMBASSY developed the brand strategy, brand architecture and corporate identity for the Software AG relaunch. It implemented an internal campaign with intranet-based push communications and was responsible for a broad-based implementation of the design, including roll out in more than 70 countries and [&hellip;]<\/p>\n","protected":false},"author":6,"featured_media":0,"parent":0,"menu_order":0,"comment_status":"closed","ping_status":"closed","template":"","meta":{"_et_pb_use_builder":"on","_et_pb_old_content":"<p>[et_pb_section bb_built=\"1\" admin_label=\"Section\" fullwidth=\"off\" specialty=\"off\" parallax_method=\"off\" padding_mobile=\"off\" _builder_version=\"3.0.71\"][et_pb_row admin_label=\"Row\" make_fullwidth=\"off\" use_custom_width=\"off\" width_unit=\"on\" use_custom_gutter=\"off\" custom_padding=\"68px|||\" padding_mobile=\"on\" allow_player_pause=\"off\" parallax=\"off\" parallax_method=\"off\" make_equal=\"off\" parallax_1=\"off\" parallax_method_1=\"off\" column_padding_mobile=\"on\" background_position=\"top_left\" background_repeat=\"repeat\" background_size=\"initial\"][et_pb_column type=\"4_4\"][et_pb_image admin_label=\"Bild Messestand\" _builder_version=\"3.0.71\" show_in_lightbox=\"off\" url_new_window=\"off\" use_overlay=\"off\" sticky=\"off\" align=\"left\" always_center_on_mobile=\"on\" border_style=\"solid\" force_fullwidth=\"off\" src=\"http:\/\/embassyexperts.com\/wp-content\/uploads\/Embassy_SoftwareAG_Stand_Foto_21-1.jpg\" animation=\"off\" \/][et_pb_text admin_label=\"Software AG Subheadertext\" background_layout=\"light\" text_orientation=\"left\" border_style=\"solid\" text_font_size=\"24\" text_line_height=\"1.4em\" _builder_version=\"3.0.71\"]<\/p><h2>Als Leadagentur hat EMBASSY Markenstrategie, Markenarchitektur und Corporate Identity f\u00fcr den Relaunch der Software AG entwickelt.<\/h2><p>[\/et_pb_text][\/et_pb_column][\/et_pb_row][et_pb_row _builder_version=\"3.0.71\" background_repeat_1=\"no-repeat\" background_repeat_2=\"no-repeat\" padding_bottom_1=\"40px\" padding_bottom_2=\"40px\"][et_pb_column type=\"1_2\"][et_pb_text _builder_version=\"3.0.71\" background_layout=\"light\" text_orientation=\"left\" border_style=\"solid\"]<\/p><p>EMBASSY realisierte eine interne Kampagne mit intranetbasierter Push-Kommunikation und war f\u00fcr umfassende Designumsetzungen verantwortlich \u2013 inklusive dem Rollout in \u00fcber 70 L\u00e4ndern sowie Messedesign und Kommunikation f\u00fcr den CeBIT-Auftritt.<\/p><p>Neben B-to-B-Kampagnen (Anzeigen- und Plakat-Motive) sowie Image- und Produkt-Brosch\u00fcren entwickelte EMBASSY den Messeauftritt der Software AG f\u00fcr die CeBIT 2007 und realisierte das Messestanddesign und die begleitende Messekommunikation.<\/p><p>[\/et_pb_text][\/et_pb_column][et_pb_column type=\"1_2\"][et_pb_text _builder_version=\"3.0.71\" background_layout=\"light\" text_orientation=\"left\" border_style=\"solid\"]<\/p><p>Die Restrukturierung und Neugestaltung des Software AG Webportals setzte EMBASSY gemeinsam mit der Londoner Webagentur Large Design um.<\/p><p>EMBASSY gewann mit diesem Projekt den Corporate Design Preis 2008 in Gold Marken-Relaunch der Software AG in der Kategorie Business-to-Business und erhielt zwei Nominierungen (Designpreis der Bundesrepublik Deutschland, Rebrand 100).<\/p><p>[\/et_pb_text][\/et_pb_column][\/et_pb_row][et_pb_row _builder_version=\"3.0.71\" background_repeat_1=\"no-repeat\" background_repeat_2=\"no-repeat\" padding_top_1=\"0px\" padding_right_1=\"3px\" padding_bottom_1=\"6px\" padding_left_1=\"0px\" padding_top_2=\"0px\" padding_right_2=\"0px\" padding_bottom_2=\"6px\" padding_left_2=\"3px\" use_custom_gutter=\"on\" gutter_width=\"1\"][et_pb_column type=\"1_2\"][et_pb_image admin_label=\"Bild Innen\" _builder_version=\"3.0.71\" src=\"http:\/\/embassyexperts.com\/wp-content\/uploads\/Embassy_SoftwareAG_Raum_Innen_32.jpg\" show_in_lightbox=\"off\" url_new_window=\"off\" use_overlay=\"off\" sticky=\"off\" align=\"left\" always_center_on_mobile=\"on\" border_style=\"solid\" force_fullwidth=\"off\" animation=\"off\" \/][\/et_pb_column][et_pb_column type=\"1_2\"][et_pb_image admin_label=\"Bild Visitenkarten\" _builder_version=\"3.0.71\" src=\"http:\/\/embassyexperts.com\/wp-content\/uploads\/Embassy_SoftwareAG_Vistenkarte_Produktfoto_32-1.jpg\" show_in_lightbox=\"off\" url_new_window=\"off\" use_overlay=\"off\" sticky=\"off\" align=\"left\" always_center_on_mobile=\"on\" border_style=\"solid\" force_fullwidth=\"off\" animation=\"off\" \/][\/et_pb_column][\/et_pb_row][et_pb_row _builder_version=\"3.0.71\" background_repeat_1=\"no-repeat\" background_repeat_2=\"no-repeat\" padding_top_1=\"0px\" padding_right_1=\"3px\" padding_bottom_1=\"6px\" padding_left_1=\"0px\" padding_top_2=\"0px\" padding_right_2=\"0px\" padding_bottom_2=\"6px\" padding_left_2=\"3px\" use_custom_gutter=\"on\" gutter_width=\"1\"][et_pb_column type=\"1_2\"][et_pb_image admin_label=\"Bild CD\" _builder_version=\"3.0.71\" src=\"http:\/\/embassyexperts.com\/wp-content\/uploads\/Embassy_SoftwareAG_CD_Produktfoto_32.jpg\" show_in_lightbox=\"off\" url_new_window=\"off\" use_overlay=\"off\" sticky=\"off\" align=\"left\" always_center_on_mobile=\"on\" border_style=\"solid\" force_fullwidth=\"off\" animation=\"off\" \/][\/et_pb_column][et_pb_column type=\"1_2\"][et_pb_image admin_label=\"Bild Stand Dunkel\" _builder_version=\"3.0.71\" src=\"http:\/\/embassyexperts.com\/wp-content\/uploads\/Embassy_SoftwareAG_Stand_Dunkel_32.jpg\" show_in_lightbox=\"off\" url_new_window=\"off\" use_overlay=\"off\" sticky=\"off\" align=\"left\" always_center_on_mobile=\"on\" border_style=\"solid\" force_fullwidth=\"off\" animation=\"off\" \/][\/et_pb_column][\/et_pb_row][\/et_pb_section]<\/p>","_et_gb_content_width":"","footnotes":""},"class_list":["post-28985","page","type-page","status-publish","hentry"],"yoast_head":"<!-- This site is optimized with the Yoast SEO plugin v27.5 - https:\/\/yoast.com\/product\/yoast-seo-wordpress\/ -->\n<title>Software AG - We are EMBASSY, the ambassadors of brands<\/title>\n<meta name=\"robots\" content=\"index, follow, max-snippet:-1, max-image-preview:large, max-video-preview:-1\" \/>\n<link rel=\"canonical\" href=\"https:\/\/embassyexperts.com\/en\/software-ag\/\" \/>\n<meta property=\"og:locale\" content=\"en_US\" \/>\n<meta property=\"og:type\" content=\"article\" \/>\n<meta property=\"og:title\" content=\"Software AG - We are EMBASSY, the ambassadors of brands\" \/>\n<meta property=\"og:description\" content=\"SOFTWARE AG launches \u00bbBillion Euro Brand\u00ab Brand Relaunch As the lead agency, EMBASSY developed the brand strategy, brand architecture and corporate identity for the Software AG relaunch. It implemented an internal campaign with intranet-based push communications and was responsible for a broad-based implementation of the design, including roll out in more than 70 countries and [&hellip;]\" \/>\n<meta property=\"og:url\" content=\"https:\/\/embassyexperts.com\/en\/software-ag\/\" \/>\n<meta property=\"og:site_name\" content=\"We are EMBASSY, the ambassadors of brands\" \/>\n<meta property=\"article:modified_time\" content=\"2019-08-14T13:33:43+00:00\" \/>\n<meta name=\"twitter:card\" content=\"summary_large_image\" \/>\n<meta name=\"twitter:label1\" content=\"Est. reading time\" \/>\n\t<meta name=\"twitter:data1\" content=\"3 minutes\" \/>\n<script type=\"application\/ld+json\" class=\"yoast-schema-graph\">{\"@context\":\"https:\\\/\\\/schema.org\",\"@graph\":[{\"@type\":\"WebPage\",\"@id\":\"https:\\\/\\\/embassyexperts.com\\\/en\\\/software-ag\\\/\",\"url\":\"https:\\\/\\\/embassyexperts.com\\\/en\\\/software-ag\\\/\",\"name\":\"Software AG - We are EMBASSY, the ambassadors of brands\",\"isPartOf\":{\"@id\":\"https:\\\/\\\/embassyexperts.com\\\/en\\\/#website\"},\"datePublished\":\"2017-09-21T13:29:55+00:00\",\"dateModified\":\"2019-08-14T13:33:43+00:00\",\"breadcrumb\":{\"@id\":\"https:\\\/\\\/embassyexperts.com\\\/en\\\/software-ag\\\/#breadcrumb\"},\"inLanguage\":\"en-US\",\"potentialAction\":[{\"@type\":\"ReadAction\",\"target\":[\"https:\\\/\\\/embassyexperts.com\\\/en\\\/software-ag\\\/\"]}]},{\"@type\":\"BreadcrumbList\",\"@id\":\"https:\\\/\\\/embassyexperts.com\\\/en\\\/software-ag\\\/#breadcrumb\",\"itemListElement\":[{\"@type\":\"ListItem\",\"position\":1,\"name\":\"Startseite\",\"item\":\"https:\\\/\\\/embassyexperts.com\\\/en\\\/\"},{\"@type\":\"ListItem\",\"position\":2,\"name\":\"Software AG\"}]},{\"@type\":\"WebSite\",\"@id\":\"https:\\\/\\\/embassyexperts.com\\\/en\\\/#website\",\"url\":\"https:\\\/\\\/embassyexperts.com\\\/en\\\/\",\"name\":\"We are EMBASSY, the ambassadors of brands\",\"description\":\"\",\"publisher\":{\"@id\":\"https:\\\/\\\/embassyexperts.com\\\/en\\\/#organization\"},\"potentialAction\":[{\"@type\":\"SearchAction\",\"target\":{\"@type\":\"EntryPoint\",\"urlTemplate\":\"https:\\\/\\\/embassyexperts.com\\\/en\\\/?s={search_term_string}\"},\"query-input\":{\"@type\":\"PropertyValueSpecification\",\"valueRequired\":true,\"valueName\":\"search_term_string\"}}],\"inLanguage\":\"en-US\"},{\"@type\":\"Organization\",\"@id\":\"https:\\\/\\\/embassyexperts.com\\\/en\\\/#organization\",\"name\":\"EMBASSY Androschin, Asemann Partnerschaft Beratende Designer\",\"url\":\"https:\\\/\\\/embassyexperts.com\\\/en\\\/\",\"logo\":{\"@type\":\"ImageObject\",\"inLanguage\":\"en-US\",\"@id\":\"https:\\\/\\\/embassyexperts.com\\\/en\\\/#\\\/schema\\\/logo\\\/image\\\/\",\"url\":\"https:\\\/\\\/embassyexperts.com\\\/wp-content\\\/uploads\\\/embassy-experts-logo-1.png\",\"contentUrl\":\"https:\\\/\\\/embassyexperts.com\\\/wp-content\\\/uploads\\\/embassy-experts-logo-1.png\",\"width\":140,\"height\":140,\"caption\":\"EMBASSY Androschin, Asemann Partnerschaft Beratende Designer\"},\"image\":{\"@id\":\"https:\\\/\\\/embassyexperts.com\\\/en\\\/#\\\/schema\\\/logo\\\/image\\\/\"}}]}<\/script>\n<!-- \/ Yoast SEO plugin. -->","yoast_head_json":{"title":"Software AG - We are EMBASSY, the ambassadors of brands","robots":{"index":"index","follow":"follow","max-snippet":"max-snippet:-1","max-image-preview":"max-image-preview:large","max-video-preview":"max-video-preview:-1"},"canonical":"https:\/\/embassyexperts.com\/en\/software-ag\/","og_locale":"en_US","og_type":"article","og_title":"Software AG - We are EMBASSY, the ambassadors of brands","og_description":"SOFTWARE AG launches \u00bbBillion Euro Brand\u00ab Brand Relaunch As the lead agency, EMBASSY developed the brand strategy, brand architecture and corporate identity for the Software AG relaunch. It implemented an internal campaign with intranet-based push communications and was responsible for a broad-based implementation of the design, including roll out in more than 70 countries and [&hellip;]","og_url":"https:\/\/embassyexperts.com\/en\/software-ag\/","og_site_name":"We are EMBASSY, the ambassadors of brands","article_modified_time":"2019-08-14T13:33:43+00:00","twitter_card":"summary_large_image","twitter_misc":{"Est. reading time":"3 minutes"},"schema":{"@context":"https:\/\/schema.org","@graph":[{"@type":"WebPage","@id":"https:\/\/embassyexperts.com\/en\/software-ag\/","url":"https:\/\/embassyexperts.com\/en\/software-ag\/","name":"Software AG - We are EMBASSY, the ambassadors of brands","isPartOf":{"@id":"https:\/\/embassyexperts.com\/en\/#website"},"datePublished":"2017-09-21T13:29:55+00:00","dateModified":"2019-08-14T13:33:43+00:00","breadcrumb":{"@id":"https:\/\/embassyexperts.com\/en\/software-ag\/#breadcrumb"},"inLanguage":"en-US","potentialAction":[{"@type":"ReadAction","target":["https:\/\/embassyexperts.com\/en\/software-ag\/"]}]},{"@type":"BreadcrumbList","@id":"https:\/\/embassyexperts.com\/en\/software-ag\/#breadcrumb","itemListElement":[{"@type":"ListItem","position":1,"name":"Startseite","item":"https:\/\/embassyexperts.com\/en\/"},{"@type":"ListItem","position":2,"name":"Software AG"}]},{"@type":"WebSite","@id":"https:\/\/embassyexperts.com\/en\/#website","url":"https:\/\/embassyexperts.com\/en\/","name":"We are EMBASSY, the ambassadors of brands","description":"","publisher":{"@id":"https:\/\/embassyexperts.com\/en\/#organization"},"potentialAction":[{"@type":"SearchAction","target":{"@type":"EntryPoint","urlTemplate":"https:\/\/embassyexperts.com\/en\/?s={search_term_string}"},"query-input":{"@type":"PropertyValueSpecification","valueRequired":true,"valueName":"search_term_string"}}],"inLanguage":"en-US"},{"@type":"Organization","@id":"https:\/\/embassyexperts.com\/en\/#organization","name":"EMBASSY Androschin, Asemann Partnerschaft Beratende Designer","url":"https:\/\/embassyexperts.com\/en\/","logo":{"@type":"ImageObject","inLanguage":"en-US","@id":"https:\/\/embassyexperts.com\/en\/#\/schema\/logo\/image\/","url":"https:\/\/embassyexperts.com\/wp-content\/uploads\/embassy-experts-logo-1.png","contentUrl":"https:\/\/embassyexperts.com\/wp-content\/uploads\/embassy-experts-logo-1.png","width":140,"height":140,"caption":"EMBASSY Androschin, Asemann Partnerschaft Beratende Designer"},"image":{"@id":"https:\/\/embassyexperts.com\/en\/#\/schema\/logo\/image\/"}}]}},"_links":{"self":[{"href":"https:\/\/embassyexperts.com\/en\/wp-json\/wp\/v2\/pages\/28985","targetHints":{"allow":["GET"]}}],"collection":[{"href":"https:\/\/embassyexperts.com\/en\/wp-json\/wp\/v2\/pages"}],"about":[{"href":"https:\/\/embassyexperts.com\/en\/wp-json\/wp\/v2\/types\/page"}],"author":[{"embeddable":true,"href":"https:\/\/embassyexperts.com\/en\/wp-json\/wp\/v2\/users\/6"}],"replies":[{"embeddable":true,"href":"https:\/\/embassyexperts.com\/en\/wp-json\/wp\/v2\/comments?post=28985"}],"version-history":[{"count":4,"href":"https:\/\/embassyexperts.com\/en\/wp-json\/wp\/v2\/pages\/28985\/revisions"}],"predecessor-version":[{"id":30895,"href":"https:\/\/embassyexperts.com\/en\/wp-json\/wp\/v2\/pages\/28985\/revisions\/30895"}],"wp:attachment":[{"href":"https:\/\/embassyexperts.com\/en\/wp-json\/wp\/v2\/media?parent=28985"}],"curies":[{"name":"wp","href":"https:\/\/api.w.org\/{rel}","templated":true}]}}