{"id":28857,"date":"2018-01-03T11:49:38","date_gmt":"2018-01-03T10:49:38","guid":{"rendered":"http:\/\/embassyexperts.com\/?page_id=28857"},"modified":"2025-02-24T11:30:08","modified_gmt":"2025-02-24T10:30:08","slug":"klaus-asemann","status":"publish","type":"page","link":"https:\/\/embassyexperts.com\/en\/about\/klaus-asemann\/","title":{"rendered":"Klaus Asemann"},"content":{"rendered":"<p>[et_pb_section fb_built=&#8221;1&#8243; _builder_version=&#8221;4.16&#8243; global_colors_info=&#8221;{}&#8221;][et_pb_row _builder_version=&#8221;4.16&#8243; global_colors_info=&#8221;{}&#8221;][et_pb_column type=&#8221;4_4&#8243; _builder_version=&#8221;4.16&#8243; custom_padding=&#8221;||20px|&#8221; global_colors_info=&#8221;{}&#8221; custom_padding__hover=&#8221;|||&#8221;][et_pb_image src=&#8221;https:\/\/embassyexperts.com\/wp-content\/uploads\/Embassy_Team_Klaus_Asemann_32.jpg&#8221; align_tablet=&#8221;center&#8221; align_phone=&#8221;&#8221; align_last_edited=&#8221;on|desktop&#8221; admin_label=&#8221;Bild | Klaus&#8221; _builder_version=&#8221;4.16&#8243; animation_style=&#8221;fade&#8221; animation_duration=&#8221;500ms&#8221; z_index_tablet=&#8221;500&#8243; box_shadow_horizontal_tablet=&#8221;0px&#8221; box_shadow_vertical_tablet=&#8221;0px&#8221; box_shadow_blur_tablet=&#8221;40px&#8221; box_shadow_spread_tablet=&#8221;0px&#8221; global_colors_info=&#8221;{}&#8221;][\/et_pb_image][et_pb_text admin_label=&#8221;Headline Quote Klaus&#8221; _builder_version=&#8221;4.16&#8243; border_style=&#8221;solid&#8221; global_colors_info=&#8221;{}&#8221;]<\/p>\n<h2>\u201cIt is considered impolite to judge a person from their outward appearance, but we do it anyway. That first impression and anything that can be taken in at first glance help us to decide what is important \u2013 when we are out on the street, in the supermarket or leafing through a magazine. I see the focus of my work as designing businesses and brands so that they stand out from the crowd.\u201d<\/h2>\n<p>[\/et_pb_text][\/et_pb_column][\/et_pb_row][et_pb_row column_structure=&#8221;1_2,1_2&#8243; _builder_version=&#8221;4.16&#8243; background_size=&#8221;initial&#8221; background_position=&#8221;top_left&#8221; background_repeat=&#8221;repeat&#8221; global_colors_info=&#8221;{}&#8221;][et_pb_column type=&#8221;1_2&#8243; _builder_version=&#8221;4.16&#8243; custom_padding=&#8221;|||&#8221; global_colors_info=&#8221;{}&#8221; custom_padding__hover=&#8221;|||&#8221;][et_pb_text admin_label=&#8221;Text Profile Klaus Asemann&#8221; _builder_version=&#8221;4.27.4&#8243; hover_enabled=&#8221;0&#8243; border_style=&#8221;solid&#8221; global_colors_info=&#8221;{}&#8221; sticky_enabled=&#8221;0&#8243;]<\/p>\n<p>Klaus Asemann, managing partner at Embassy, is a design expert with international project and management experience. His main focus has been on developing car brands. He specialises in broad-based corporate design systems and, when carrying out consultancy work with clients, takes a long-term view of their prospects.<\/p>\n<p>From 2013 to 2022 Klaus Asemann was a lecturer at the Hochschule Harz \u2013 University of Applied Sciences for the M.A. &#8220;Tourism and Destination Development&#8221;.<\/p>\n<p>Klaus Asemann is supporter of the <a href=\"http:\/\/www.buchstabenmuseum.de\/\" target=\"_blank\" rel=\"noopener noreferrer\">Buchstabenmuseum Berlin<\/a><\/p>\n<p>&nbsp;<\/p>\n<p>[\/et_pb_text][et_pb_text admin_label=&#8221;Speeches | Presentations | Engagements&#8221; _builder_version=&#8221;4.27.4&#8243; border_style=&#8221;solid&#8221; global_colors_info=&#8221;{}&#8221;]<\/p>\n<h2>Speeches | Presentations | Engagements<\/h2>\n<p>Guest Keynote \u00bbDie Marke NOMOS Glash\u00fctte\u00ab at the second NOMOS Forum Glash\u00fctte, October 2021, Glash\u00fctte, Sachsen<\/p>\n<p>Speech \u201ePlace Branding for the Eifel&#8221; at the\u00a0New Year reception in Pr\u00fcm\u00a0incl. Audio (German)<a href=\"http:\/\/brf.be\/regional\/842599\/\" target=\"_blank\" rel=\"noopener noreferrer\">\u00a0www.brf.be<\/a><\/p>\n<p>Speech \u201eDie Vielfalt der Eifelbotschaft\u201c at the\u00a0Kreismitgliederversammlung des Gemeinde- und St\u00e4dtebundes Rheinland-Pfalz<br \/><a href=\"http:\/\/www.eifelzeitung.de\/themen\/politik\/gemeinsam-leben-in-der-eifel%E2%80%A8das-motto-der-kreismitgliederversammlung-des-gemeinde-und-staedtebundes-rheinland-pfalz-in-hohenfels-essingen-115036\/\" target=\"_blank\" rel=\"noopener noreferrer\">www.eifelzeitung.de<\/a><\/p>\n<p>Speech at the\u00a0Culinary and Wine Tourism Conference 2015, October 2015,\u00a0Vienna, Austria\u00a0<a href=\"http:\/\/www.fh-wien.ac.at\/tourismus-management\/culinary-and-wine-tourism-conference-2015\/\" target=\"_blank\" rel=\"noopener noreferrer\">Culinary and Wine Tourism Conference<\/a><\/p>\n<p>Speech at the 2011\u00a0European Design Business Dialogue conference, May 2011, Vienna, Austria<\/p>\n<p>Jury member, April 2011, at imk \u2013 Institut f\u00fcr Marketing und Kommunikation, Berlin\u00a0<a href=\"http:\/\/www.imk.de\/\" target=\"_blank\" rel=\"noopener noreferrer\">www.imk.de<\/a><\/p>\n<p>Presentation at Face to Face, international conference for business and design, November 2010, Ludwigsburg,\u00a0<a href=\"http:\/\/www.face-to-face.eu\/?kat=konferenz&amp;eid=27#samstag\" target=\"_blank\" rel=\"noopener noreferrer\">agenda<\/a><\/p>\n<p>[\/et_pb_text][\/et_pb_column][et_pb_column type=&#8221;1_2&#8243; _builder_version=&#8221;4.16&#8243; custom_padding=&#8221;|||&#8221; global_colors_info=&#8221;{}&#8221; custom_padding__hover=&#8221;|||&#8221;][et_pb_text admin_label=&#8221;Selected Projects&#8221; _builder_version=&#8221;4.16&#8243; border_style=&#8221;solid&#8221; global_colors_info=&#8221;{}&#8221;]<\/p>\n<div class=\"top\">\n<h2>Selected Projects<\/h2>\n<\/div>\n<div class=\"left width_04\">\n<p>Bosch<br \/>\nDaimler and Benz Foundation<br \/>\nHarzer Tourismusverband<br \/>\nMotel One<br \/>\nLIVE RIGA<br \/>\nRenault Germany<br \/>\nSocius<br \/>\nSoftware AG<a href=\"http:\/\/embassy-old.christiane-weigel.de\/de\/universitaet_innsbruck.php\"><br \/>\n<\/a>Telekom Austria\u00a01<br \/>\nUniversity of Innsbruck<br \/>\nWall AG<\/p>\n<\/div>\n<p>[\/et_pb_text][et_pb_text admin_label=&#8221;University Links | Publications and Press&#8221; _builder_version=&#8221;4.16&#8243; z_index_tablet=&#8221;500&#8243; text_text_shadow_horizontal_length_tablet=&#8221;0px&#8221; text_text_shadow_vertical_length_tablet=&#8221;0px&#8221; text_text_shadow_blur_strength_tablet=&#8221;1px&#8221; link_text_shadow_horizontal_length_tablet=&#8221;0px&#8221; link_text_shadow_vertical_length_tablet=&#8221;0px&#8221; link_text_shadow_blur_strength_tablet=&#8221;1px&#8221; ul_text_shadow_horizontal_length_tablet=&#8221;0px&#8221; ul_text_shadow_vertical_length_tablet=&#8221;0px&#8221; ul_text_shadow_blur_strength_tablet=&#8221;1px&#8221; ol_text_shadow_horizontal_length_tablet=&#8221;0px&#8221; ol_text_shadow_vertical_length_tablet=&#8221;0px&#8221; ol_text_shadow_blur_strength_tablet=&#8221;1px&#8221; quote_text_shadow_horizontal_length_tablet=&#8221;0px&#8221; quote_text_shadow_vertical_length_tablet=&#8221;0px&#8221; quote_text_shadow_blur_strength_tablet=&#8221;1px&#8221; header_text_shadow_horizontal_length_tablet=&#8221;0px&#8221; header_text_shadow_vertical_length_tablet=&#8221;0px&#8221; header_text_shadow_blur_strength_tablet=&#8221;1px&#8221; header_2_text_shadow_horizontal_length_tablet=&#8221;0px&#8221; header_2_text_shadow_vertical_length_tablet=&#8221;0px&#8221; header_2_text_shadow_blur_strength_tablet=&#8221;1px&#8221; header_3_text_shadow_horizontal_length_tablet=&#8221;0px&#8221; header_3_text_shadow_vertical_length_tablet=&#8221;0px&#8221; header_3_text_shadow_blur_strength_tablet=&#8221;1px&#8221; header_4_text_shadow_horizontal_length_tablet=&#8221;0px&#8221; header_4_text_shadow_vertical_length_tablet=&#8221;0px&#8221; header_4_text_shadow_blur_strength_tablet=&#8221;1px&#8221; header_5_text_shadow_horizontal_length_tablet=&#8221;0px&#8221; header_5_text_shadow_vertical_length_tablet=&#8221;0px&#8221; header_5_text_shadow_blur_strength_tablet=&#8221;1px&#8221; header_6_text_shadow_horizontal_length_tablet=&#8221;0px&#8221; header_6_text_shadow_vertical_length_tablet=&#8221;0px&#8221; header_6_text_shadow_blur_strength_tablet=&#8221;1px&#8221; box_shadow_horizontal_tablet=&#8221;0px&#8221; box_shadow_vertical_tablet=&#8221;0px&#8221; box_shadow_blur_tablet=&#8221;40px&#8221; box_shadow_spread_tablet=&#8221;0px&#8221; global_colors_info=&#8221;{}&#8221;]<\/p>\n<h2>University Links<\/h2>\n<p>Hochschule Harz \u2013\u00a0<a href=\"http:\/\/www.hs-harz.de\/tourismusmaster.html\" target=\"_blank\" rel=\"noopener noreferrer\">www.hs-harz.de<\/a><\/p>\n<p>\u00a0<\/p>\n<p><span style=\"color: #333333; font-size: 26px;\">Publications and Press<\/span><\/p>\n<div class=\"left width_04\">\n<p>Corporate Design 2008<br \/>The book includes reports on prize-winning works from the 11th International Corporate Design Award and the XVI MfG Awards. These include Embassy\u2019s\u00a0Software AG brand relaunch.<\/p>\n<\/div>\n<div class=\"left\">\n<p>\u00a0<\/p>\n<\/div>\n<p>[\/et_pb_text][\/et_pb_column][\/et_pb_row][et_pb_row column_structure=&#8221;1_2,1_4,1_4&#8243; use_custom_gutter=&#8221;on&#8221; _builder_version=&#8221;4.16&#8243; background_size=&#8221;initial&#8221; background_position=&#8221;top_left&#8221; background_repeat=&#8221;repeat&#8221; custom_margin=&#8221;0px||&#8221; global_colors_info=&#8221;{}&#8221;][et_pb_column type=&#8221;1_2&#8243; _builder_version=&#8221;4.16&#8243; custom_padding=&#8221;|||&#8221; global_colors_info=&#8221;{}&#8221; custom_padding__hover=&#8221;|||&#8221;][\/et_pb_column][et_pb_column type=&#8221;1_4&#8243; _builder_version=&#8221;4.16&#8243; custom_padding=&#8221;20px|||&#8221; global_colors_info=&#8221;{}&#8221; custom_padding__hover=&#8221;|||&#8221;][et_pb_image src=&#8221;https:\/\/embassyexperts.com\/wp-content\/uploads\/Embassy_Highlights_2021-10_Nomos_Glashuette_32.jpg&#8221; alt=&#8221;Embassy-Highlights Oktober 2021 Nomos Glashuette&#8221; title_text=&#8221;Embassy_Highlights_2021-10_Nomos_Glashuette_32&#8243; url=&#8221;https:\/\/www.freunde-sr.de\/aktuelles\/neues-etikett-fuer-eine-alte-stadt.html&#8221; admin_label=&#8221;Bild Nomos&#8221; _builder_version=&#8221;4.27.4&#8243; max_width=&#8221;97%&#8221; module_alignment=&#8221;right&#8221; z_index_tablet=&#8221;500&#8243; box_shadow_horizontal_tablet=&#8221;0px&#8221; box_shadow_vertical_tablet=&#8221;0px&#8221; box_shadow_blur_tablet=&#8221;40px&#8221; box_shadow_spread_tablet=&#8221;0px&#8221; global_colors_info=&#8221;{}&#8221;][\/et_pb_image][et_pb_text admin_label=&#8221;Text Nomos&#8221; _builder_version=&#8221;4.27.4&#8243; z_index_tablet=&#8221;500&#8243; text_text_shadow_horizontal_length_tablet=&#8221;0px&#8221; text_text_shadow_vertical_length_tablet=&#8221;0px&#8221; text_text_shadow_blur_strength_tablet=&#8221;1px&#8221; link_text_shadow_horizontal_length_tablet=&#8221;0px&#8221; link_text_shadow_vertical_length_tablet=&#8221;0px&#8221; link_text_shadow_blur_strength_tablet=&#8221;1px&#8221; ul_text_shadow_horizontal_length_tablet=&#8221;0px&#8221; ul_text_shadow_vertical_length_tablet=&#8221;0px&#8221; ul_text_shadow_blur_strength_tablet=&#8221;1px&#8221; ol_text_shadow_horizontal_length_tablet=&#8221;0px&#8221; ol_text_shadow_vertical_length_tablet=&#8221;0px&#8221; ol_text_shadow_blur_strength_tablet=&#8221;1px&#8221; quote_text_shadow_horizontal_length_tablet=&#8221;0px&#8221; quote_text_shadow_vertical_length_tablet=&#8221;0px&#8221; quote_text_shadow_blur_strength_tablet=&#8221;1px&#8221; header_text_shadow_horizontal_length_tablet=&#8221;0px&#8221; header_text_shadow_vertical_length_tablet=&#8221;0px&#8221; header_text_shadow_blur_strength_tablet=&#8221;1px&#8221; header_2_text_shadow_horizontal_length_tablet=&#8221;0px&#8221; header_2_text_shadow_vertical_length_tablet=&#8221;0px&#8221; header_2_text_shadow_blur_strength_tablet=&#8221;1px&#8221; header_3_text_shadow_horizontal_length_tablet=&#8221;0px&#8221; header_3_text_shadow_vertical_length_tablet=&#8221;0px&#8221; header_3_text_shadow_blur_strength_tablet=&#8221;1px&#8221; header_4_text_shadow_horizontal_length_tablet=&#8221;0px&#8221; header_4_text_shadow_vertical_length_tablet=&#8221;0px&#8221; header_4_text_shadow_blur_strength_tablet=&#8221;1px&#8221; header_5_text_shadow_horizontal_length_tablet=&#8221;0px&#8221; header_5_text_shadow_vertical_length_tablet=&#8221;0px&#8221; header_5_text_shadow_blur_strength_tablet=&#8221;1px&#8221; header_6_text_shadow_horizontal_length_tablet=&#8221;0px&#8221; header_6_text_shadow_vertical_length_tablet=&#8221;0px&#8221; header_6_text_shadow_blur_strength_tablet=&#8221;1px&#8221; box_shadow_horizontal_tablet=&#8221;0px&#8221; box_shadow_vertical_tablet=&#8221;0px&#8221; box_shadow_blur_tablet=&#8221;40px&#8221; box_shadow_spread_tablet=&#8221;0px&#8221; global_colors_info=&#8221;{}&#8221;]<\/p>\n<p>&nbsp;<\/p>\n<p><strong>2021<\/strong><\/p>\n<p>Guest speaker Klaus Asemann at the NOMOS Forum Glash\u00fctte<\/p>\n<p>[\/et_pb_text][\/et_pb_column][et_pb_column type=&#8221;1_4&#8243; _builder_version=&#8221;4.16&#8243; custom_padding=&#8221;20px|||&#8221; global_colors_info=&#8221;{}&#8221; custom_padding__hover=&#8221;|||&#8221;][et_pb_image src=&#8221;https:\/\/embassyexperts.com\/wp-content\/uploads\/Embassy_Citroen_Klaus_2018_32.jpg&#8221; url=&#8221;https:\/\/embassyexperts.com\/wp-content\/uploads\/Highlights_2018_Citroen_KlausAsemann.pdf&#8221; admin_label=&#8221;Bild Citroen&#8221; _builder_version=&#8221;4.16&#8243; max_width=&#8221;95%&#8221; module_alignment=&#8221;right&#8221; z_index_tablet=&#8221;500&#8243; box_shadow_horizontal_tablet=&#8221;0px&#8221; box_shadow_vertical_tablet=&#8221;0px&#8221; box_shadow_blur_tablet=&#8221;40px&#8221; box_shadow_spread_tablet=&#8221;0px&#8221; global_colors_info=&#8221;{}&#8221;][\/et_pb_image][et_pb_text admin_label=&#8221;Text Citro\u00ebn&#8221; _builder_version=&#8221;4.16&#8243; z_index_tablet=&#8221;500&#8243; text_text_shadow_horizontal_length_tablet=&#8221;0px&#8221; text_text_shadow_vertical_length_tablet=&#8221;0px&#8221; text_text_shadow_blur_strength_tablet=&#8221;1px&#8221; link_text_shadow_horizontal_length_tablet=&#8221;0px&#8221; link_text_shadow_vertical_length_tablet=&#8221;0px&#8221; link_text_shadow_blur_strength_tablet=&#8221;1px&#8221; ul_text_shadow_horizontal_length_tablet=&#8221;0px&#8221; ul_text_shadow_vertical_length_tablet=&#8221;0px&#8221; ul_text_shadow_blur_strength_tablet=&#8221;1px&#8221; ol_text_shadow_horizontal_length_tablet=&#8221;0px&#8221; ol_text_shadow_vertical_length_tablet=&#8221;0px&#8221; ol_text_shadow_blur_strength_tablet=&#8221;1px&#8221; quote_text_shadow_horizontal_length_tablet=&#8221;0px&#8221; quote_text_shadow_vertical_length_tablet=&#8221;0px&#8221; quote_text_shadow_blur_strength_tablet=&#8221;1px&#8221; header_text_shadow_horizontal_length_tablet=&#8221;0px&#8221; header_text_shadow_vertical_length_tablet=&#8221;0px&#8221; header_text_shadow_blur_strength_tablet=&#8221;1px&#8221; header_2_text_shadow_horizontal_length_tablet=&#8221;0px&#8221; header_2_text_shadow_vertical_length_tablet=&#8221;0px&#8221; header_2_text_shadow_blur_strength_tablet=&#8221;1px&#8221; header_3_text_shadow_horizontal_length_tablet=&#8221;0px&#8221; header_3_text_shadow_vertical_length_tablet=&#8221;0px&#8221; header_3_text_shadow_blur_strength_tablet=&#8221;1px&#8221; header_4_text_shadow_horizontal_length_tablet=&#8221;0px&#8221; header_4_text_shadow_vertical_length_tablet=&#8221;0px&#8221; header_4_text_shadow_blur_strength_tablet=&#8221;1px&#8221; header_5_text_shadow_horizontal_length_tablet=&#8221;0px&#8221; header_5_text_shadow_vertical_length_tablet=&#8221;0px&#8221; header_5_text_shadow_blur_strength_tablet=&#8221;1px&#8221; header_6_text_shadow_horizontal_length_tablet=&#8221;0px&#8221; header_6_text_shadow_vertical_length_tablet=&#8221;0px&#8221; header_6_text_shadow_blur_strength_tablet=&#8221;1px&#8221; box_shadow_horizontal_tablet=&#8221;0px&#8221; box_shadow_vertical_tablet=&#8221;0px&#8221; box_shadow_blur_tablet=&#8221;40px&#8221; box_shadow_spread_tablet=&#8221;0px&#8221; global_colors_info=&#8221;{}&#8221;]<\/p>\n<p>\u00a0<\/p>\n<p><strong>2018<\/strong><\/p>\n<p>\u00bbMuss Design so sein?\u00ab Gastbeitrag von Klaus Asemann zum neuen Citro\u00ebn DS7 Crossback in der Berliner Zeitung vom 3.11.2018<\/p>\n<p>[\/et_pb_text][\/et_pb_column][\/et_pb_row][et_pb_row _builder_version=&#8221;4.16&#8243; background_size=&#8221;initial&#8221; background_position=&#8221;top_left&#8221; background_repeat=&#8221;repeat&#8221; global_colors_info=&#8221;{}&#8221;][et_pb_column type=&#8221;4_4&#8243; _builder_version=&#8221;4.16&#8243; custom_padding=&#8221;|||&#8221; global_colors_info=&#8221;{}&#8221; custom_padding__hover=&#8221;|||&#8221;][et_pb_code admin_label=&#8221;Overview Link&#8221; _builder_version=&#8221;4.16&#8243; global_colors_info=&#8221;{}&#8221;]<pee class=\"wir-view-link\"><a class=\"wir-view-link\" href=\"https:\/\/embassyexperts.com\/en\/about\/\" title=\"team overview\">team overview<\/a><\/pee>[\/et_pb_code][\/et_pb_column][\/et_pb_row][\/et_pb_section]<\/p>\n","protected":false},"excerpt":{"rendered":"<p>\u201cIt is considered impolite to judge a person from their outward appearance, but we do it anyway. That first impression and anything that can be taken in at first glance help us to decide what is important \u2013 when we are out on the street, in the supermarket or leafing through a magazine. I see [&hellip;]<\/p>\n","protected":false},"author":6,"featured_media":0,"parent":28928,"menu_order":0,"comment_status":"closed","ping_status":"closed","template":"wir-pagination.php","meta":{"_et_pb_use_builder":"on","_et_pb_old_content":"<div class=\"top\"><h2><span style=\"color: #666666; font-size: 14px;\">Katrin Androschin, Mitgr\u00fcnderin und gesch\u00e4ftsf\u00fchrende Partnerin von Embassy, ist Expertin f\u00fcr Corporate Identity, Corporate Design und Markenf\u00fchrung. Sie ber\u00e4t in marketingstrategischen Fragen, entwickelt neue Marken und konzipiert und moderiert Workshops f\u00fcr Ver\u00e4nderungsprozesse in Unternehmen und Institutionen. Aktuelle Projekte sind u.a. die Markenkampagne f\u00fcr Berlin (\u201eBe Berlin\u201c), Markenberatung f\u00fcr das Deutsche Krebsforschungszentrum (dkfz) und die T-Com Innovationsgesellschaft sowie Corporate Design-Projekte f\u00fcr Veolia Wasser, Visit Berlin und die Wall AG.<\/span><\/h2><\/div><p class=\"top\">LEHRE<\/p><div class=\"left width_04\"><p>Seit 2002 ist Katrin Androschin in der Lehre t\u00e4tig. Seit 2016 ist sie Professorin an der design akademie Berlin und leitet dort den internationalen Masterstudiengang Strategic Design. Davor war sie Professorin an der Fachhochschule Dresden, an der btk Berliner Technischen Kunsthochschule und von 2002 bis 2008 Vertragsprofessorin f\u00fcr Visuelle Kommunikation an der Freien Universit\u00e4t Bozen in Italien. 2014 und 2016 war sie als Project Supervisor an der German University in Cairo am Campus Berlin t\u00e4tig. Ihr Schwerpunkt in der Lehre liegt in der Verbindung von Theorie und Praxis in projektorientiertem Unterricht.<\/p><\/div>","_et_gb_content_width":"","footnotes":""},"class_list":["post-28857","page","type-page","status-publish","hentry"],"yoast_head":"<!-- This site is optimized with the Yoast SEO plugin v27.3 - https:\/\/yoast.com\/product\/yoast-seo-wordpress\/ -->\n<title>Klaus Asemann - We are EMBASSY, the ambassadors of brands<\/title>\n<meta name=\"robots\" content=\"index, follow, max-snippet:-1, max-image-preview:large, max-video-preview:-1\" \/>\n<link rel=\"canonical\" href=\"https:\/\/embassyexperts.com\/en\/about\/klaus-asemann\/\" \/>\n<meta property=\"og:locale\" content=\"en_US\" \/>\n<meta property=\"og:type\" content=\"article\" \/>\n<meta property=\"og:title\" content=\"Klaus Asemann - We are EMBASSY, the ambassadors of brands\" \/>\n<meta property=\"og:description\" content=\"\u201cIt is considered impolite to judge a person from their outward appearance, but we do it anyway. That first impression and anything that can be taken in at first glance help us to decide what is important \u2013 when we are out on the street, in the supermarket or leafing through a magazine. I see [&hellip;]\" \/>\n<meta property=\"og:url\" content=\"https:\/\/embassyexperts.com\/en\/about\/klaus-asemann\/\" \/>\n<meta property=\"og:site_name\" content=\"We are EMBASSY, the ambassadors of brands\" \/>\n<meta property=\"article:modified_time\" content=\"2025-02-24T10:30:08+00:00\" \/>\n<meta name=\"twitter:card\" content=\"summary_large_image\" \/>\n<meta name=\"twitter:label1\" content=\"Est. reading time\" \/>\n\t<meta name=\"twitter:data1\" content=\"3 minutes\" \/>\n<script type=\"application\/ld+json\" class=\"yoast-schema-graph\">{\"@context\":\"https:\\\/\\\/schema.org\",\"@graph\":[{\"@type\":\"WebPage\",\"@id\":\"https:\\\/\\\/embassyexperts.com\\\/en\\\/about\\\/klaus-asemann\\\/\",\"url\":\"https:\\\/\\\/embassyexperts.com\\\/en\\\/about\\\/klaus-asemann\\\/\",\"name\":\"Klaus Asemann - We are EMBASSY, the ambassadors of brands\",\"isPartOf\":{\"@id\":\"https:\\\/\\\/embassyexperts.com\\\/en\\\/#website\"},\"datePublished\":\"2018-01-03T10:49:38+00:00\",\"dateModified\":\"2025-02-24T10:30:08+00:00\",\"breadcrumb\":{\"@id\":\"https:\\\/\\\/embassyexperts.com\\\/en\\\/about\\\/klaus-asemann\\\/#breadcrumb\"},\"inLanguage\":\"en-US\",\"potentialAction\":[{\"@type\":\"ReadAction\",\"target\":[\"https:\\\/\\\/embassyexperts.com\\\/en\\\/about\\\/klaus-asemann\\\/\"]}]},{\"@type\":\"BreadcrumbList\",\"@id\":\"https:\\\/\\\/embassyexperts.com\\\/en\\\/about\\\/klaus-asemann\\\/#breadcrumb\",\"itemListElement\":[{\"@type\":\"ListItem\",\"position\":1,\"name\":\"Startseite\",\"item\":\"https:\\\/\\\/embassyexperts.com\\\/en\\\/\"},{\"@type\":\"ListItem\",\"position\":2,\"name\":\"About\",\"item\":\"https:\\\/\\\/embassyexperts.com\\\/en\\\/about\\\/\"},{\"@type\":\"ListItem\",\"position\":3,\"name\":\"Klaus Asemann\"}]},{\"@type\":\"WebSite\",\"@id\":\"https:\\\/\\\/embassyexperts.com\\\/en\\\/#website\",\"url\":\"https:\\\/\\\/embassyexperts.com\\\/en\\\/\",\"name\":\"We are EMBASSY, the ambassadors of brands\",\"description\":\"\",\"publisher\":{\"@id\":\"https:\\\/\\\/embassyexperts.com\\\/en\\\/#organization\"},\"potentialAction\":[{\"@type\":\"SearchAction\",\"target\":{\"@type\":\"EntryPoint\",\"urlTemplate\":\"https:\\\/\\\/embassyexperts.com\\\/en\\\/?s={search_term_string}\"},\"query-input\":{\"@type\":\"PropertyValueSpecification\",\"valueRequired\":true,\"valueName\":\"search_term_string\"}}],\"inLanguage\":\"en-US\"},{\"@type\":\"Organization\",\"@id\":\"https:\\\/\\\/embassyexperts.com\\\/en\\\/#organization\",\"name\":\"EMBASSY Androschin, Asemann Partnerschaft Beratende Designer\",\"url\":\"https:\\\/\\\/embassyexperts.com\\\/en\\\/\",\"logo\":{\"@type\":\"ImageObject\",\"inLanguage\":\"en-US\",\"@id\":\"https:\\\/\\\/embassyexperts.com\\\/en\\\/#\\\/schema\\\/logo\\\/image\\\/\",\"url\":\"https:\\\/\\\/embassyexperts.com\\\/wp-content\\\/uploads\\\/embassy-experts-logo-1.png\",\"contentUrl\":\"https:\\\/\\\/embassyexperts.com\\\/wp-content\\\/uploads\\\/embassy-experts-logo-1.png\",\"width\":140,\"height\":140,\"caption\":\"EMBASSY Androschin, Asemann Partnerschaft Beratende Designer\"},\"image\":{\"@id\":\"https:\\\/\\\/embassyexperts.com\\\/en\\\/#\\\/schema\\\/logo\\\/image\\\/\"}}]}<\/script>\n<!-- \/ Yoast SEO plugin. -->","yoast_head_json":{"title":"Klaus Asemann - We are EMBASSY, the ambassadors of brands","robots":{"index":"index","follow":"follow","max-snippet":"max-snippet:-1","max-image-preview":"max-image-preview:large","max-video-preview":"max-video-preview:-1"},"canonical":"https:\/\/embassyexperts.com\/en\/about\/klaus-asemann\/","og_locale":"en_US","og_type":"article","og_title":"Klaus Asemann - We are EMBASSY, the ambassadors of brands","og_description":"\u201cIt is considered impolite to judge a person from their outward appearance, but we do it anyway. That first impression and anything that can be taken in at first glance help us to decide what is important \u2013 when we are out on the street, in the supermarket or leafing through a magazine. I see [&hellip;]","og_url":"https:\/\/embassyexperts.com\/en\/about\/klaus-asemann\/","og_site_name":"We are EMBASSY, the ambassadors of brands","article_modified_time":"2025-02-24T10:30:08+00:00","twitter_card":"summary_large_image","twitter_misc":{"Est. reading time":"3 minutes"},"schema":{"@context":"https:\/\/schema.org","@graph":[{"@type":"WebPage","@id":"https:\/\/embassyexperts.com\/en\/about\/klaus-asemann\/","url":"https:\/\/embassyexperts.com\/en\/about\/klaus-asemann\/","name":"Klaus Asemann - We are EMBASSY, the ambassadors of brands","isPartOf":{"@id":"https:\/\/embassyexperts.com\/en\/#website"},"datePublished":"2018-01-03T10:49:38+00:00","dateModified":"2025-02-24T10:30:08+00:00","breadcrumb":{"@id":"https:\/\/embassyexperts.com\/en\/about\/klaus-asemann\/#breadcrumb"},"inLanguage":"en-US","potentialAction":[{"@type":"ReadAction","target":["https:\/\/embassyexperts.com\/en\/about\/klaus-asemann\/"]}]},{"@type":"BreadcrumbList","@id":"https:\/\/embassyexperts.com\/en\/about\/klaus-asemann\/#breadcrumb","itemListElement":[{"@type":"ListItem","position":1,"name":"Startseite","item":"https:\/\/embassyexperts.com\/en\/"},{"@type":"ListItem","position":2,"name":"About","item":"https:\/\/embassyexperts.com\/en\/about\/"},{"@type":"ListItem","position":3,"name":"Klaus Asemann"}]},{"@type":"WebSite","@id":"https:\/\/embassyexperts.com\/en\/#website","url":"https:\/\/embassyexperts.com\/en\/","name":"We are EMBASSY, the ambassadors of brands","description":"","publisher":{"@id":"https:\/\/embassyexperts.com\/en\/#organization"},"potentialAction":[{"@type":"SearchAction","target":{"@type":"EntryPoint","urlTemplate":"https:\/\/embassyexperts.com\/en\/?s={search_term_string}"},"query-input":{"@type":"PropertyValueSpecification","valueRequired":true,"valueName":"search_term_string"}}],"inLanguage":"en-US"},{"@type":"Organization","@id":"https:\/\/embassyexperts.com\/en\/#organization","name":"EMBASSY Androschin, Asemann Partnerschaft Beratende Designer","url":"https:\/\/embassyexperts.com\/en\/","logo":{"@type":"ImageObject","inLanguage":"en-US","@id":"https:\/\/embassyexperts.com\/en\/#\/schema\/logo\/image\/","url":"https:\/\/embassyexperts.com\/wp-content\/uploads\/embassy-experts-logo-1.png","contentUrl":"https:\/\/embassyexperts.com\/wp-content\/uploads\/embassy-experts-logo-1.png","width":140,"height":140,"caption":"EMBASSY Androschin, Asemann Partnerschaft Beratende Designer"},"image":{"@id":"https:\/\/embassyexperts.com\/en\/#\/schema\/logo\/image\/"}}]}},"_links":{"self":[{"href":"https:\/\/embassyexperts.com\/en\/wp-json\/wp\/v2\/pages\/28857","targetHints":{"allow":["GET"]}}],"collection":[{"href":"https:\/\/embassyexperts.com\/en\/wp-json\/wp\/v2\/pages"}],"about":[{"href":"https:\/\/embassyexperts.com\/en\/wp-json\/wp\/v2\/types\/page"}],"author":[{"embeddable":true,"href":"https:\/\/embassyexperts.com\/en\/wp-json\/wp\/v2\/users\/6"}],"replies":[{"embeddable":true,"href":"https:\/\/embassyexperts.com\/en\/wp-json\/wp\/v2\/comments?post=28857"}],"version-history":[{"count":13,"href":"https:\/\/embassyexperts.com\/en\/wp-json\/wp\/v2\/pages\/28857\/revisions"}],"predecessor-version":[{"id":35125,"href":"https:\/\/embassyexperts.com\/en\/wp-json\/wp\/v2\/pages\/28857\/revisions\/35125"}],"up":[{"embeddable":true,"href":"https:\/\/embassyexperts.com\/en\/wp-json\/wp\/v2\/pages\/28928"}],"wp:attachment":[{"href":"https:\/\/embassyexperts.com\/en\/wp-json\/wp\/v2\/media?parent=28857"}],"curies":[{"name":"wp","href":"https:\/\/api.w.org\/{rel}","templated":true}]}}